{"id":542,"date":"2018-04-04T18:36:02","date_gmt":"2018-04-04T16:36:02","guid":{"rendered":"https:\/\/prism-pipeline.com\/?page_id=542"},"modified":"2025-07-03T21:47:13","modified_gmt":"2025-07-03T19:47:13","slug":"impressum","status":"publish","type":"page","link":"https:\/\/prism-pipeline.com\/zh\/impressum\/","title":{"rendered":"Legal notice &#8211; Impressum"},"content":{"rendered":"[et_pb_section fb_built=&#8221;1&#8243; fullwidth=&#8221;on&#8221; module_class=&#8221;page_banner&#8221; _builder_version=&#8221;4.21.0&#8243; background_image=&#8221;https:\/\/prism-pipeline.com\/wp-content\/uploads\/2023\/03\/prism-back-1080px.jpg&#8221; background_position=&#8221;bottom_center&#8221; custom_padding=&#8221;0px|0px|0px|0px&#8221; global_colors_info=&#8221;{}&#8221;][et_pb_fullwidth_header button_one_url=&#8221;#&#8221; button_two_url=&#8221;#&#8221; content_font_color=&#8221;#0c0c0c&#8221; disabled_on=&#8221;off|off|off&#8221; _builder_version=&#8221;4.21.0&#8243; title_level=&#8221;h3&#8243; title_font=&#8221;|700|||||||&#8221; title_text_align=&#8221;left&#8221; title_text_color=&#8221;#FFFFFF&#8221; title_font_size=&#8221;38px&#8221; content_font=&#8221;||||||||&#8221; subhead_font=&#8221;Amiko||||||||&#8221; subhead_text_align=&#8221;center&#8221; subhead_text_color=&#8221;#ffffff&#8221; subhead_font_size=&#8221;24px&#8221; background_color=&#8221;rgba(255, 255, 255, 0)&#8221; background_image=&#8221;https:\/\/prism-pipeline.com\/wp-content\/uploads\/2023\/03\/prism-back-1080px.jpg&#8221; custom_padding=&#8221;120px||120px||true|false&#8221; title_font_size_tablet=&#8221;38px&#8221; title_font_size_phone=&#8221;34px&#8221; title_font_size_last_edited=&#8221;on|desktop&#8221; global_colors_info=&#8221;{}&#8221; button_one_text_size__hover_enabled=&#8221;off&#8221; button_two_text_size__hover_enabled=&#8221;off&#8221; button_one_text_color__hover_enabled=&#8221;off&#8221; button_two_text_color__hover_enabled=&#8221;off&#8221; button_one_border_width__hover_enabled=&#8221;off&#8221; button_two_border_width__hover_enabled=&#8221;off&#8221; button_one_border_color__hover_enabled=&#8221;off&#8221; button_two_border_color__hover_enabled=&#8221;off&#8221; button_one_border_radius__hover_enabled=&#8221;off&#8221; button_two_border_radius__hover_enabled=&#8221;off&#8221; button_one_letter_spacing__hover_enabled=&#8221;off&#8221; button_two_letter_spacing__hover_enabled=&#8221;off&#8221; button_one_bg_color__hover_enabled=&#8221;off&#8221; button_two_bg_color__hover_enabled=&#8221;off&#8221; custom_margin__hover_enabled=&#8221;off|desktop&#8221;]\n<h1 style=\"text-align: center;\"><strong>Legal notice<\/strong> Impressum<\/h1>\n[\/et_pb_fullwidth_header][\/et_pb_section][et_pb_section fb_built=&#8221;1&#8243; admin_label=&#8221;section&#8221; _builder_version=&#8221;4.16&#8243; global_colors_info=&#8221;{}&#8221;][et_pb_row admin_label=&#8221;row&#8221; _builder_version=&#8221;4.16&#8243; background_size=&#8221;initial&#8221; background_position=&#8221;top_left&#8221; background_repeat=&#8221;repeat&#8221; global_colors_info=&#8221;{}&#8221; column_structure=&#8221;1_2,1_2&#8243;][et_pb_column type=&#8221;1_2&#8243; _builder_version=&#8221;4.16&#8243; custom_padding=&#8221;|||&#8221; global_colors_info=&#8221;{}&#8221; custom_padding__hover=&#8221;|||&#8221;][et_pb_text _builder_version=&#8221;4.27.4&#8243; hover_enabled=&#8221;0&#8243; global_colors_info=&#8221;{}&#8221; sticky_enabled=&#8221;0&#8243;]\n<h3 style=\"text-align: left;\">Legal Notice<\/h3>\n<p>&nbsp;<\/p>\n<p><strong>Prism Software GmbH<\/strong><\/p>\n<p>In den B\u00e4umen 12<br \/>34289 Zierenberg<br \/>Germany<\/p>\n<p><strong>Contact:<br \/><\/strong><a href=\"https:\/\/prism-pipeline.com\/contact\/\">https:\/\/prism-pipeline.com\/contact\/<\/a><br \/>E-Mail: <a href=\"mailto:contact@prism-pipeline.com\">contact@prism-pipeline.com<\/a><\/p>\n<p><strong>Represented by:<\/strong> Richard Frangenberg<br \/><strong>Responsible for Content:<\/strong> Richard Frangenberg<strong><br \/><\/strong><\/p>\n<p><strong>VAT ID:<\/strong> DE363305260<\/p>\n<p><em>This Legal Notice complies with the German laws under \u00a7 5 TMG and \u00a7 18 Abs. 2 MStV.<\/em><\/p>\n[\/et_pb_text][\/et_pb_column][et_pb_column type=&#8221;1_2&#8243; _builder_version=&#8221;4.16&#8243; custom_padding=&#8221;|||&#8221; global_colors_info=&#8221;{}&#8221; custom_padding__hover=&#8221;|||&#8221;][et_pb_text _builder_version=&#8221;4.27.4&#8243; hover_enabled=&#8221;0&#8243; global_colors_info=&#8221;{}&#8221; sticky_enabled=&#8221;0&#8243;]\n<h3>Impressum<\/h3>\n<p><em>Angaben gem. \u00a7 5 TMG:<\/em><\/p>\n<p><strong>Prism Software GmbH<\/strong><\/p>\n<p>In den B\u00e4umen 12<br \/>34289 Zierenberg<br \/>Deutschland<\/p>\n<p><strong>Handelsregister:<\/strong> HRB 19579<br \/><strong>Registergericht<\/strong>: Amtsgericht Kassel<\/p>\n<p><strong>Umsatzsteuer-Identifikationsnummer <em>gem. \u00a7 27a UStG<\/em>:<br \/><\/strong>DE363305260<\/p>\n<p><strong>Kontakt:<br \/><\/strong><a href=\"https:\/\/prism-pipeline.com\/contact\/\">https:\/\/prism-pipeline.com\/contact\/<\/a><br \/>E-Mail: <a href=\"mailto:contact@prism-pipeline.com\">contact@prism-pipeline.com<\/a><\/p>\n<p><strong>Vertretungsberechtiger Gesch\u00e4ftsf\u00fchrer:<br \/><\/strong>Richard Frangenberg<\/p>\n<p><strong>Inhaltlich Verantwortlicher gem. \u00a7 18 Abs. 2 MStV:<br \/><\/strong>Richard Frangenberg (Anschrift und Kontakt s.o.)<\/p>\n<p><a href=\"http:\/\/ec.europa.eu\/consumers\/odr\/\">Link zur Plattform der Europ\u00e4ischen Kommission<\/a><br \/><em>gem\u00e4\u00df der Verordnung \u00fcber Online-Streitbeilegung in Verbraucherangelegenheiten. <\/em><em>Zur Teilnahme an einem Streitbeilegungsverfahren vor einer Verbraucherschlichtungsstelle sind wir nicht verpflichtet und nicht bereit.<\/em><\/p>\n[\/et_pb_text][\/et_pb_column][\/et_pb_row][\/et_pb_section][et_pb_section fb_built=&#8221;1&#8243; _builder_version=&#8221;4.21.0&#8243; _module_preset=&#8221;default&#8221; background_color=&#8221;#f4f4fa&#8221; global_colors_info=&#8221;{}&#8221;][et_pb_row column_structure=&#8221;1_2,1_2&#8243; _builder_version=&#8221;4.21.0&#8243; _module_preset=&#8221;default&#8221; global_colors_info=&#8221;{}&#8221;][et_pb_column type=&#8221;1_2&#8243; _builder_version=&#8221;4.21.0&#8243; _module_preset=&#8221;default&#8221; global_colors_info=&#8221;{}&#8221;][et_pb_text _builder_version=&#8221;4.21.0&#8243; text_orientation=&#8221;justified&#8221; global_colors_info=&#8221;{}&#8221;]\n<h3 style=\"text-align: left;\">Disclaimer<\/h3>\n<p>Die Inhalte dieser Website werden mit gr\u00f6\u00dftm\u00f6glicher Sorgfalt recherchiert und implementiert. Fehler im Bearbeitungsvorgang sind dennoch nicht auszuschlie\u00dfen. Hinweise und Korrekturen senden Sie bitte an <a href=\"mailto:contact@prism-pipeline.com\">contact@prism-pipeline.com<\/a><\/p>\n<p>Eine Haftung f\u00fcr die Richtigkeit, Vollst\u00e4ndigkeit und Aktualit\u00e4t dieser Webseiten kann trotz sorgf\u00e4ltiger Pr\u00fcfung nicht \u00fcbernommen werden. Es werden insbesondere keinerlei Haftung f\u00fcr eventuelle Sch\u00e4den oder Konsequenzen, die durch die direkte oder indirekte Nutzung der angebotenen Inhalte entstehen, \u00fcbernommen.<\/p>\n[\/et_pb_text][\/et_pb_column][et_pb_column type=&#8221;1_2&#8243; _builder_version=&#8221;4.21.0&#8243; _module_preset=&#8221;default&#8221; global_colors_info=&#8221;{}&#8221;][et_pb_text _builder_version=&#8221;4.21.0&#8243; text_orientation=&#8221;justified&#8221; global_colors_info=&#8221;{}&#8221;]\n<h3 style=\"text-align: left;\">Copyright<\/h3>\n<p>All rights are reserved and commercial use is prohibited. To copy, distribute, reproduce, publish, display, modify any material on this website you must first obtain the permission of the owner of the copyright.<\/p>\n[\/et_pb_text][\/et_pb_column][\/et_pb_row][\/et_pb_section]\n","protected":false},"excerpt":{"rendered":"<p>Legal notice ImpressumLegal Notice &nbsp; Prism Software GmbH In den B\u00e4umen 1234289 ZierenbergGermany Contact:https:\/\/prism-pipeline.com\/contact\/E-Mail: contact@prism-pipeline.com Represented by: Richard FrangenbergResponsible for Content: Richard Frangenberg VAT ID: DE363305260 This Legal Notice complies with the German laws under \u00a7 5 TMG and \u00a7 18 Abs. 2 MStV.Impressum Angaben gem. \u00a7 5 TMG: Prism Software GmbH In den B\u00e4umen [&hellip;]<\/p>\n","protected":false},"author":1,"featured_media":0,"parent":0,"menu_order":0,"comment_status":"closed","ping_status":"closed","template":"","meta":{"_acf_changed":false,"_et_pb_use_builder":"on","_et_pb_old_content":"","_et_gb_content_width":"","footnotes":""},"class_list":["post-542","page","type-page","status-publish","hentry"],"acf":[],"jetpack_sharing_enabled":true,"_links":{"self":[{"href":"https:\/\/prism-pipeline.com\/zh\/wp-json\/wp\/v2\/pages\/542","targetHints":{"allow":["GET"]}}],"collection":[{"href":"https:\/\/prism-pipeline.com\/zh\/wp-json\/wp\/v2\/pages"}],"about":[{"href":"https:\/\/prism-pipeline.com\/zh\/wp-json\/wp\/v2\/types\/page"}],"author":[{"embeddable":true,"href":"https:\/\/prism-pipeline.com\/zh\/wp-json\/wp\/v2\/users\/1"}],"replies":[{"embeddable":true,"href":"https:\/\/prism-pipeline.com\/zh\/wp-json\/wp\/v2\/comments?post=542"}],"version-history":[{"count":4,"href":"https:\/\/prism-pipeline.com\/zh\/wp-json\/wp\/v2\/pages\/542\/revisions"}],"predecessor-version":[{"id":6579,"href":"https:\/\/prism-pipeline.com\/zh\/wp-json\/wp\/v2\/pages\/542\/revisions\/6579"}],"wp:attachment":[{"href":"https:\/\/prism-pipeline.com\/zh\/wp-json\/wp\/v2\/media?parent=542"}],"curies":[{"name":"wp","href":"https:\/\/api.w.org\/{rel}","templated":true}]}}