{"id":3311,"date":"2023-07-31T21:49:00","date_gmt":"2023-07-31T19:49:00","guid":{"rendered":"https:\/\/prism-pipeline.com\/?page_id=3311"},"modified":"2023-08-09T21:09:51","modified_gmt":"2023-08-09T19:09:51","slug":"privacy-policy-datenschutz","status":"publish","type":"page","link":"https:\/\/prism-pipeline.com\/de\/privacy-policy-datenschutz\/","title":{"rendered":"Privacy Policy &#8211; Datenschutz"},"content":{"rendered":"[et_pb_section fb_built=&#8221;1&#8243; fullwidth=&#8221;on&#8221; module_class=&#8221;page_banner&#8221; _builder_version=&#8221;4.21.0&#8243; background_image=&#8221;https:\/\/prism-pipeline.com\/wp-content\/uploads\/2023\/03\/prism-back-1080px.jpg&#8221; background_position=&#8221;bottom_center&#8221; custom_padding=&#8221;0px|0px|0px|0px&#8221; global_colors_info=&#8221;{}&#8221;][et_pb_fullwidth_header button_one_url=&#8221;#&#8221; button_two_url=&#8221;#&#8221; content_font_color=&#8221;#0c0c0c&#8221; disabled_on=&#8221;off|off|off&#8221; _builder_version=&#8221;4.21.0&#8243; title_level=&#8221;h3&#8243; title_font=&#8221;|700|||||||&#8221; title_text_align=&#8221;left&#8221; title_text_color=&#8221;#FFFFFF&#8221; title_font_size=&#8221;38px&#8221; content_font=&#8221;||||||||&#8221; subhead_font=&#8221;Amiko||||||||&#8221; subhead_text_align=&#8221;center&#8221; subhead_text_color=&#8221;#ffffff&#8221; subhead_font_size=&#8221;24px&#8221; background_color=&#8221;rgba(255, 255, 255, 0)&#8221; background_image=&#8221;https:\/\/prism-pipeline.com\/wp-content\/uploads\/2023\/03\/prism-back-1080px.jpg&#8221; custom_padding=&#8221;76px||76px||true|false&#8221; title_font_size_tablet=&#8221;38px&#8221; title_font_size_phone=&#8221;34px&#8221; title_font_size_last_edited=&#8221;on|desktop&#8221; global_colors_info=&#8221;{}&#8221; button_one_text_size__hover_enabled=&#8221;off&#8221; button_two_text_size__hover_enabled=&#8221;off&#8221; button_one_text_color__hover_enabled=&#8221;off&#8221; button_two_text_color__hover_enabled=&#8221;off&#8221; button_one_border_width__hover_enabled=&#8221;off&#8221; button_two_border_width__hover_enabled=&#8221;off&#8221; button_one_border_color__hover_enabled=&#8221;off&#8221; button_two_border_color__hover_enabled=&#8221;off&#8221; button_one_border_radius__hover_enabled=&#8221;off&#8221; button_two_border_radius__hover_enabled=&#8221;off&#8221; button_one_letter_spacing__hover_enabled=&#8221;off&#8221; button_two_letter_spacing__hover_enabled=&#8221;off&#8221; button_one_bg_color__hover_enabled=&#8221;off&#8221; button_two_bg_color__hover_enabled=&#8221;off&#8221; custom_margin__hover_enabled=&#8221;off|desktop&#8221;]\n<h1 style=\"text-align: center;\"><strong>Privacy Policy<\/strong> &#8211; Datenschutz<\/h1>\n[\/et_pb_fullwidth_header][\/et_pb_section][et_pb_section fb_built=&#8221;1&#8243; _builder_version=&#8221;4.21.0&#8243; _module_preset=&#8221;default&#8221; custom_padding=&#8221;||||false|false&#8221; global_colors_info=&#8221;{}&#8221;][et_pb_row _builder_version=&#8221;4.21.0&#8243; _module_preset=&#8221;default&#8221; global_colors_info=&#8221;{}&#8221;][et_pb_column type=&#8221;4_4&#8243; _builder_version=&#8221;4.21.0&#8243; _module_preset=&#8221;default&#8221; global_colors_info=&#8221;{}&#8221;][et_pb_button button_url=&#8221;\/privacy-policy\/&#8221; button_text=&#8221;Show English version&#8221; _builder_version=&#8221;4.21.0&#8243; _module_preset=&#8221;default&#8221; custom_margin=&#8221;||80px||false|false&#8221; global_colors_info=&#8221;{}&#8221; button_text_color__hover_enabled=&#8221;off|hover&#8221;][\/et_pb_button][et_pb_text _builder_version=&#8221;4.21.0&#8243; _module_preset=&#8221;default&#8221; text_orientation=&#8221;justified&#8221; global_colors_info=&#8221;{}&#8221;]\n<h3 style=\"text-align: left;\">Allgemeine Datenschutzerkl\u00e4rung<\/h3>\n<p>Durch die Nutzung unserer Website erkl\u00e4ren Sie sich mit der Erhebung, Verarbeitung und Nutzung von Daten gem\u00e4\u00df der nachfolgenden Beschreibung einverstanden. Unsere Website kann grunds\u00e4tzlich ohne Registrierung besucht werden. Dabei werden Daten wie beispielsweise aufgerufene Seiten bzw. Namen der abgerufenen Datei, Datum und Uhrzeit zu statistischen Zwecken auf dem Server gespeichert, ohne dass diese Daten unmittelbar auf Ihre Person bezogen werden. Personenbezogene Daten, insbesondere Name, Adresse oder E-Mail-Adresse werden soweit m\u00f6glich auf freiwilliger Basis erhoben. Ohne Ihre Einwilligung erfolgt keine Weitergabe der Daten an Dritte.<\/p>\n<p>&nbsp;<\/p>\n<h3 style=\"text-align: left;\">Widerruf Ihrer Einwilligung zur Datenverarbeitung<\/h3>\n<p>Nur mit Ihrer ausdr\u00fccklichen Einwilligung sind einige Vorg\u00e4nge der Datenverarbeitung m\u00f6glich. Ein Widerruf Ihrer bereits erteilten Einwilligung ist jederzeit m\u00f6glich. F\u00fcr den Widerruf gen\u00fcgt eine formlose Mitteilung per E-Mail. Die Rechtm\u00e4\u00dfigkeit der bis zum Widerruf erfolgten Datenverarbeitung bleibt vom Widerruf unber\u00fchrt.<\/p>\n<p>&nbsp;<\/p>\n<h3 style=\"text-align: left;\">Recht auf Auskunft, Berichtigung, Sperrung, L\u00f6schung<\/h3>\n<p>Sie haben jederzeit im Rahmen der geltenden gesetzlichen Bestimmungen das Recht auf unentgeltliche Auskunft \u00fcber Ihre gespeicherten personenbezogenen Daten, Herkunft der Daten, deren Empf\u00e4nger und den Zweck der Datenverarbeitung und ggf. ein Recht auf Berichtigung, Sperrung oder L\u00f6schung dieser Daten. Diesbez\u00fcglich und auch zu weiteren Fragen zum Thema personenbezogene Daten k\u00f6nnen Sie sich jederzeit \u00fcber die im Impressum aufgef\u00fchrten Kontaktm\u00f6glichkeiten an uns wenden.<\/p>\n<p>&nbsp;<\/p>\n<h3 style=\"text-align: left;\">SSL- bzw. TLS-Verschl\u00fcsselung<\/h3>\n<p>Aus Sicherheitsgr\u00fcnden und zum Schutz der \u00dcbertragung vertraulicher Inhalte, die Sie an uns als Seitenbetreiber senden, nutzt unsere Website eine SSL-bzw. TLS-Verschl\u00fcsselung. Damit sind Daten, die Sie \u00fcber diese Website \u00fcbermitteln, f\u00fcr Dritte nicht mitlesbar. Sie erkennen eine verschl\u00fcsselte Verbindung an der \u201ehttps:\/\/\u201c Adresszeile Ihres Browsers und am Schloss-Symbol in der Browserzeile.<\/p>\n<p>&nbsp;<\/p>\n<h3 style=\"text-align: left;\">Server-Log-Dateien<\/h3>\n<p>In Server-Log-Dateien erhebt und speichert der Provider der Website automatisch Informationen, die Ihr Browser automatisch an uns \u00fcbermittelt. Dies sind:<\/p>\n<ul>\n<li>Browsertyp und Browserversion<\/li>\n<li>Verwendetes Betriebssystem<\/li>\n<li>Referrer URL<\/li>\n<li>Hostname des zugreifenden Rechners<\/li>\n<li>Uhrzeit der Serveranfrage<\/li>\n<li>IP-Adresse<\/li>\n<\/ul>\n<p>&nbsp;<\/p>\n<p>Es findet keine Zusammenf\u00fchrung dieser Daten mit anderen Datenquellen statt. Grundlage der Datenverarbeitung bildet Art. 6 Abs. 1 lit. b DSGVO, der die Verarbeitung von Daten zur Erf\u00fcllung eines Vertrags oder vorvertraglicher Ma\u00dfnahmen gestattet.<\/p>\n<p>&nbsp;<\/p>\n<p>Source: <a href=\"http:\/\/www.mein-datenschutzbeauftragter.de\/\" target=\"_blank\" rel=\"noopener\">mein-datenschutzbeauftragter.de<\/a><\/p>\n<p>&nbsp;<\/p>\n[\/et_pb_text][et_pb_text _builder_version=&#8221;4.21.0&#8243; _module_preset=&#8221;default&#8221; text_orientation=&#8221;justified&#8221; global_colors_info=&#8221;{}&#8221;]\n<h3 style=\"text-align: left;\">Datenschutzerkl\u00e4rung f\u00fcr Cookies<\/h3>\n<p>Unsere Website verwendet Cookies. Das sind kleine Textdateien, die es m\u00f6glich machen, auf dem Endger\u00e4t des Nutzers spezifische, auf den Nutzer bezogene Informationen zu speichern, w\u00e4hrend er die Website nutzt. Cookies erm\u00f6glichen es, insbesondere Nutzungsh\u00e4ufigkeit und Nutzeranzahl der Seiten zu ermitteln, Verhaltensweisen der Seitennutzung zu analysieren, aber auch unser Angebot kundenfreundlicher zu gestalten. Cookies k\u00f6nnen \u00fcber das Ende einer Browser-Sitzung gespeichert bleiben und bei einem erneuten Seitenbesuch wieder aufgerufen werden. Wenn Sie das nicht w\u00fcnschen, sollten Sie Ihren Internetbrowser so einstellen, dass er die Annahme von Cookies verweigert.<\/p>\n<p>&nbsp;<\/p>\n<p>Source: <a href=\"https:\/\/www.anwalt.de\/vorlage\/muster-datenschutzerklaerung.php\" target=\"_blank\" rel=\"noopener\">Muster-Datenschutzerkl\u00e4rung von anwalt.de<\/a><\/p>\n<p>&nbsp;<\/p>\n<h3 style=\"text-align: left;\">Datenschutzerkl\u00e4rung f\u00fcr Google Analytics<\/h3>\n<p>Diese Website benutzt Google Analytics, einen Webanalysedienst der Google Inc, (1600 Amphitheatre Parkway Mountain View, CA 94043, USA; \u201eGoogle\u201c). Die Nutzung umfasst die Betriebsart \u201eUniversal Analytics\u201c. Hierdurch ist es m\u00f6glich, Daten, Sitzungen und Interaktionen \u00fcber mehrere Ger\u00e4te hinweg einer pseudonymen User-ID zuzuordnen und so die Aktivit\u00e4ten eines Nutzers ger\u00e4te\u00fcbergreifend zu analysieren. Dieser Datenschutzhinweis wird zur Verf\u00fcgung gestellt von <a href=\"https:\/\/www.intersoft-consulting.de\/\" target=\"_blank\" rel=\"noopener\">www.intersoft-consulting.de<\/a>.<\/p>\n<p>&nbsp;<\/p>\n<p>Google Analytics verwendet sog. \u201eCookies\u201c, Textdateien, die auf Ihrem Computer gespeichert werden und die eine Analyse der Benutzung der Website durch Sie erm\u00f6glichen. Die durch das Cookie erzeugten Informationen \u00fcber Ihre Benutzung dieser Website werden in der Regel an einen Server von Google in den USA \u00fcbertragen und dort gespeichert. Im Falle der Aktivierung der IP-Anonymisierung auf dieser Website, wird Ihre IP-Adresse von Google jedoch innerhalb von Mitgliedstaaten der Europ\u00e4ischen Union oder in anderen Vertragsstaaten des Abkommens \u00fcber den Europ\u00e4ischen Wirtschaftsraum zuvor gek\u00fcrzt. Nur in Ausnahmef\u00e4llen wird die volle IP-Adresse an einen Server von Google in den USA \u00fcbertragen und dort gek\u00fcrzt. Die im Rahmen von Google Analytics von Ihrem Browser \u00fcbermittelte IP-Adresse wird nicht mit anderen Daten von Google zusammengef\u00fchrt. Im Auftrag des Betreibers dieser Website wird Google diese Informationen benutzen, um Ihre Nutzung der Website auszuwerten, um Reports \u00fcber die Websiteaktivit\u00e4ten zusammenzustellen und um weitere mit der Websitenutzung und der Internetnutzung verbundene Dienstleistungen gegen\u00fcber dem Websitebetreiber zu erbringen. In diesen Zwecken liegt auch unser berechtigtes Interesse an der Datenverarbeitung. Die Rechtsgrundlage f\u00fcr den Einsatz von Google Analytics ist \u00a7 15 Abs. 3 TMG bzw. Art. 6 Abs. 1 lit. f DSGVO. Die von uns gesendeten und mit Cookies, Nutzerkennungen (z. B. User-ID) oder Werbe-IDs verkn\u00fcpften Daten werden nach 14 Monaten automatisch gel\u00f6scht. Die L\u00f6schung von Daten, deren Aufbewahrungsdauer erreicht ist, erfolgt automatisch einmal im Monat. N\u00e4here Informationen zu Nutzungsbedingungen und Datenschutz finden Sie unter <a href=\"https:\/\/www.google.com\/analytics\/terms\/de.html\" target=\"_blank\" rel=\"noopener\">https:\/\/www.google.com\/analytics\/terms\/de.html<\/a> bzw. unter <a href=\"https:\/\/policies.google.com\/?hl=de\" target=\"_blank\" rel=\"noopener\">https:\/\/policies.google.com\/?hl=de<\/a>.<\/p>\n<p>&nbsp;<\/p>\n<p>Sie k\u00f6nnen die Speicherung der Cookies durch eine entsprechende Einstellung Ihrer Browser-Software verhindern; wir weisen Sie jedoch darauf hin, dass Sie in diesem Fall gegebenenfalls nicht s\u00e4mtliche Funktionen dieser Website vollumf\u00e4nglich werden nutzen k\u00f6nnen. Sie k\u00f6nnen dar\u00fcber hinaus die Erfassung der durch das Cookie erzeugten und auf Ihre Nutzung der Website bezogenen Daten (inkl. Ihrer IP-Adresse) an Google sowie die Verarbeitung dieser Daten durch Google verhindern, indem Sie das Browser-Add-on herunterladen und installieren. Opt-Out-Cookies verhindern die zuk\u00fcnftige Erfassung Ihrer Daten beim Besuch dieser Website. Um die Erfassung durch Universal Analytics \u00fcber verschiedene Ger\u00e4te hinweg zu verhindern, m\u00fcssen Sie das Opt-Out auf allen genutzten Systemen durchf\u00fchren.<\/p>\n[\/et_pb_text][et_pb_code _builder_version=&#8221;4.21.0&#8243; _module_preset=&#8221;default&#8221; global_colors_info=&#8221;{}&#8221;]If you click here, the opt-out cookie will be set: <a href=\"javascript:gaOptout()\">Deactivate Google Analytics<\/a><!\u2013- [et_pb_br_holder] -\u2013><!-- [et_pb_line_break_holder] -->To reactivate Google Analytics click here: <a href=\"javascript:gaOptin()\">Activate Google Analytics<\/a>[\/et_pb_code][et_pb_text _builder_version=&#8221;4.21.0&#8243; _module_preset=&#8221;default&#8221; text_orientation=&#8221;justified&#8221; global_colors_info=&#8221;{}&#8221;]\n<p>&nbsp;<\/p>\n<h3 style=\"text-align: left;\">Datenschutzerkl\u00e4rung f\u00fcr das Kontaktformular<\/h3>\n<p>Wenn Sie die im Kontaktformular eingegebenen Daten durch Klick auf den nachfolgenden Button \u00fcbersenden, erkl\u00e4ren Sie sich damit einverstanden, dass wir Ihre Angaben f\u00fcr die Beantwortung Ihrer Anfrage bzw. Kontaktaufnahme verwenden. Eine Weitergabe an Dritte findet grunds\u00e4tzlich nicht statt, es sei denn geltende Datenschutzvorschriften rechtfertigen eine \u00dcbertragung oder wir dazu gesetzlich verpflichtet sind. Sie k\u00f6nnen Ihre erteilte Einwilligung jederzeit mit Wirkung f\u00fcr die Zukunft widerrufen. Im Falle des Widerrufs werden Ihre Daten umgehend gel\u00f6scht. Ihre Daten werden ansonsten gel\u00f6scht, wenn wir Ihre Anfrage bearbeitet haben oder der Zweck der Speicherung entfallen ist. Sie k\u00f6nnen sich jederzeit \u00fcber die zu Ihrer Person gespeicherten Daten informieren.<\/p>\n<p>&nbsp;<\/p>\n<p>Source: <a href=\"http:\/\/www.kanzlei-sieling.de\/\" target=\"_blank\" rel=\"noopener\">Kanzlei Sieling<\/a><\/p>\n[\/et_pb_text][et_pb_text _builder_version=&#8221;4.21.2&#8243; _module_preset=&#8221;default&#8221; text_orientation=&#8221;justified&#8221; hover_enabled=&#8221;0&#8243; global_colors_info=&#8221;{}&#8221; sticky_enabled=&#8221;0&#8243;]\n<p>&nbsp;<\/p>\n<h3>Datenschutzerkl\u00e4rung f\u00fcr die Newsletter Anmeldung<\/h3>\n<p>Der auf dieser Seite eingebundene Newsletter verwendet SendGrid. Anbieter dieses Newsletter-Dienstes ist das amerikanische Unternehmen Twilio Inc, 375 Beale Street, Suite 300 San Francisco, CA 94105, USA.<\/p>\n<p>Da SendGrid Ihre Daten ebenfalls au\u00dferhalb der EU, wie in den USA, verarbeitet, gibt es hierbei Risiken f\u00fcr die Rechtm\u00e4\u00dfigkeit und Sicherheit der gesendeten Daten in deren Verarbeitung. SendGrid verpflichtet sich lediglich durch die Standardvertragsklauseln (Art. 46 Abs. 2 und 3 DSGVO) bei der Speicherung und Verarbeitung der relevanten pers\u00f6nlichen Daten europ\u00e4ische Datenschutzniveau einzuhalten. Weitere Informationen zum Datenschutz der Twilio Inc. finden Sie hier: <a href=\"https:\/\/www.twilio.com\/en-us\/legal\/privacy\" target=\"_blank\" rel=\"noopener\">https:\/\/www.twilio.com\/en-us\/legal\/privacy<\/a>.<\/p>\n[\/et_pb_text][\/et_pb_column][\/et_pb_row][\/et_pb_section]\n","protected":false},"excerpt":{"rendered":"<p>Privacy Policy &#8211; DatenschutzAllgemeine Datenschutzerkl\u00e4rung Durch die Nutzung unserer Website erkl\u00e4ren Sie sich mit der Erhebung, Verarbeitung und Nutzung von Daten gem\u00e4\u00df der nachfolgenden Beschreibung einverstanden. Unsere Website kann grunds\u00e4tzlich ohne Registrierung besucht werden. Dabei werden Daten wie beispielsweise aufgerufene Seiten bzw. Namen der abgerufenen Datei, Datum und Uhrzeit zu statistischen Zwecken auf dem Server [&hellip;]<\/p>\n","protected":false},"author":626,"featured_media":0,"parent":0,"menu_order":0,"comment_status":"closed","ping_status":"closed","template":"","meta":{"_acf_changed":false,"_et_pb_use_builder":"on","_et_pb_old_content":"","_et_gb_content_width":"","footnotes":""},"class_list":["post-3311","page","type-page","status-publish","hentry"],"acf":[],"jetpack_sharing_enabled":true,"_links":{"self":[{"href":"https:\/\/prism-pipeline.com\/de\/wp-json\/wp\/v2\/pages\/3311","targetHints":{"allow":["GET"]}}],"collection":[{"href":"https:\/\/prism-pipeline.com\/de\/wp-json\/wp\/v2\/pages"}],"about":[{"href":"https:\/\/prism-pipeline.com\/de\/wp-json\/wp\/v2\/types\/page"}],"author":[{"embeddable":true,"href":"https:\/\/prism-pipeline.com\/de\/wp-json\/wp\/v2\/users\/626"}],"replies":[{"embeddable":true,"href":"https:\/\/prism-pipeline.com\/de\/wp-json\/wp\/v2\/comments?post=3311"}],"version-history":[{"count":4,"href":"https:\/\/prism-pipeline.com\/de\/wp-json\/wp\/v2\/pages\/3311\/revisions"}],"predecessor-version":[{"id":3356,"href":"https:\/\/prism-pipeline.com\/de\/wp-json\/wp\/v2\/pages\/3311\/revisions\/3356"}],"wp:attachment":[{"href":"https:\/\/prism-pipeline.com\/de\/wp-json\/wp\/v2\/media?parent=3311"}],"curies":[{"name":"wp","href":"https:\/\/api.w.org\/{rel}","templated":true}]}}